{"id":11313,"date":"2020-03-27T15:01:48","date_gmt":"2020-03-27T14:01:48","guid":{"rendered":"https:\/\/printerguys.eu\/?page_id=11313"},"modified":"2020-03-28T10:53:34","modified_gmt":"2020-03-28T09:53:34","slug":"fuldautomatiseret-loesning-til-officehoteller","status":"publish","type":"page","link":"https:\/\/printerguys.eu\/da\/abonnementer\/fuldautomatiseret-loesning-til-officehoteller\/","title":{"rendered":"Officehoteller"},"content":{"rendered":"<p><div class=\"fusion-fullwidth fullwidth-box fusion-builder-row-1 fusion-flex-container section-blue no-top-padding nonhundred-percent-fullwidth non-hundred-percent-height-scrolling\" style=\"--awb-background-position:center top;--awb-border-radius-top-left:0px;--awb-border-radius-top-right:0px;--awb-border-radius-bottom-right:0px;--awb-border-radius-bottom-left:0px;--awb-padding-top:25px;--awb-padding-bottom:0px;--awb-border-sizes-top:0px;--awb-border-sizes-bottom:0px;\" ><div class=\"fusion-builder-row fusion-row fusion-flex-align-items-flex-start\" style=\"max-width:calc( 1300px + 0px );margin-left: calc(-0px \/ 2 );margin-right: calc(-0px \/ 2 );\"><div class=\"fusion-layout-column fusion_builder_column fusion-builder-column-0 fusion_builder_column_1_1 1_1 fusion-flex-column forside-h1 fusion-animated\" style=\"--awb-bg-size:cover;--awb-width-large:100%;--awb-margin-top-large:0px;--awb-spacing-right-large:0px;--awb-margin-bottom-large:0px;--awb-spacing-left-large:0px;--awb-width-medium:100%;--awb-spacing-right-medium:0px;--awb-spacing-left-medium:0px;--awb-width-small:100%;--awb-spacing-right-small:0px;--awb-spacing-left-small:0px;\" data-animationType=\"fadeInDown\" data-animationDuration=\"0.2\" data-animationOffset=\"top-into-view\"><div class=\"fusion-column-wrapper fusion-flex-justify-content-flex-start fusion-content-layout-column\"><div class=\"fusion-text fusion-text-1\"><h1 style=\"text-align: center;\"><span style=\"color: #ffffff;\">PrinterGuys leverer en fuldautomatiseret l\u00f8sning til Officehoteller<\/span><\/h1>\n<\/div><div class=\"fusion-image-element \" style=\"text-align:center;--awb-caption-title-size:var(--h2_typography-font-size);--awb-caption-title-transform:var(--h2_typography-text-transform);--awb-caption-title-line-height:var(--h2_typography-line-height);--awb-caption-title-letter-spacing:var(--h2_typography-letter-spacing);\"><span class=\" fusion-imageframe imageframe-none imageframe-1 hover-type-none\"><img decoding=\"async\" width=\"954\" height=\"456\" title=\"ezeep\" src=\"https:\/\/printerguys.eu\/wp-content\/uploads\/ezeep.png\" alt class=\"img-responsive wp-image-11320\" srcset=\"https:\/\/printerguys.eu\/wp-content\/uploads\/ezeep-200x96.png 200w, https:\/\/printerguys.eu\/wp-content\/uploads\/ezeep-400x191.png 400w, https:\/\/printerguys.eu\/wp-content\/uploads\/ezeep-600x287.png 600w, https:\/\/printerguys.eu\/wp-content\/uploads\/ezeep-800x382.png 800w, https:\/\/printerguys.eu\/wp-content\/uploads\/ezeep.png 954w\" sizes=\"(max-width: 640px) 100vw, 954px\" \/><\/span><\/div><\/div><\/div><\/div><\/div><div class=\"fusion-fullwidth fullwidth-box fusion-builder-row-2 fusion-flex-container nonhundred-percent-fullwidth non-hundred-percent-height-scrolling\" style=\"--awb-background-position:left top;--awb-border-radius-top-left:0px;--awb-border-radius-top-right:0px;--awb-border-radius-bottom-right:0px;--awb-border-radius-bottom-left:0px;--awb-padding-top:30px;--awb-padding-right:0px;--awb-padding-bottom:20px;--awb-padding-left:0px;--awb-border-sizes-top:0px;--awb-border-sizes-bottom:0px;\" ><div class=\"fusion-builder-row fusion-row fusion-flex-align-items-flex-start\" style=\"max-width:1352px;margin-left: calc(-4% \/ 2 );margin-right: calc(-4% \/ 2 );\"><div class=\"fusion-layout-column fusion_builder_column fusion-builder-column-1 fusion_builder_column_1_1 1_1 fusion-flex-column\" style=\"--awb-bg-size:cover;--awb-width-large:100%;--awb-margin-top-large:0px;--awb-spacing-right-large:1.92%;--awb-margin-bottom-large:0px;--awb-spacing-left-large:1.92%;--awb-width-medium:100%;--awb-spacing-right-medium:1.92%;--awb-spacing-left-medium:1.92%;--awb-width-small:100%;--awb-spacing-right-small:1.92%;--awb-spacing-left-small:1.92%;\"><div class=\"fusion-column-wrapper fusion-flex-justify-content-flex-start fusion-content-layout-column\"><div class=\"fusion-separator fusion-full-width-sep\" style=\"align-self: center;margin-left: auto;margin-right: auto;margin-top:2em;width:100%;\"><\/div><div class=\"fusion-text fusion-text-2\"><h2 style=\"text-align: center; font-size: 34px!important; line-height: 38px!important;\">En af de typiske hovedpiner for et kontorhotel er afregningen af printeren. Hvordan f\u00e5r vi brugerne til at betale for deres udskrifter og uden at vi skal bruge timevis p\u00e5 at afregne det? Og en typisk Follow-Me l\u00f8sning er temmelig bekostelig at anskaffe. Og ikke mindst at drive.<\/h2>\n<\/div><div class=\"fusion-separator fusion-full-width-sep\" style=\"align-self: center;margin-left: auto;margin-right: auto;margin-top:1em;width:100%;\"><\/div><\/div><\/div><div class=\"fusion-layout-column fusion_builder_column fusion-builder-column-2 fusion_builder_column_1_2 1_2 fusion-flex-column\" style=\"--awb-bg-size:cover;--awb-width-large:50%;--awb-margin-top-large:0px;--awb-spacing-right-large:3.84%;--awb-margin-bottom-large:0px;--awb-spacing-left-large:3.84%;--awb-width-medium:50%;--awb-spacing-right-medium:3.84%;--awb-spacing-left-medium:3.84%;--awb-width-small:100%;--awb-spacing-right-small:1.92%;--awb-spacing-left-small:1.92%;\"><div class=\"fusion-column-wrapper fusion-flex-justify-content-flex-start fusion-content-layout-column\"><div class=\"fusion-text fusion-text-3\"><h4>Hos PrinterGuys er tingene bare lettere<\/h4>\n<p>PrinterGuys har erfaring i at implementere dine printere i dit OfficeRnD system sammen med Ezeep.<\/p>\n<p>Ezeep er et ekstremt brugervenligt software-system, der styrer dine printere. Det er et driver-frit system, s\u00e5 du skal ikke bruge tid p\u00e5 support pga. at dine brugere ikke kan printe ud. S\u00e5 snart de er registreret som bruger kan de printe. Ezeep underst\u00f8tter Windows, Mac, Chromebook, iOS og Android.<\/p>\n<\/div><\/div><\/div><div class=\"fusion-layout-column fusion_builder_column fusion-builder-column-3 fusion_builder_column_1_2 1_2 fusion-flex-column\" style=\"--awb-bg-size:cover;--awb-width-large:50%;--awb-margin-top-large:0px;--awb-spacing-right-large:3.84%;--awb-margin-bottom-large:0px;--awb-spacing-left-large:3.84%;--awb-width-medium:50%;--awb-spacing-right-medium:3.84%;--awb-spacing-left-medium:3.84%;--awb-width-small:100%;--awb-spacing-right-small:1.92%;--awb-spacing-left-small:1.92%;\"><div class=\"fusion-column-wrapper fusion-flex-justify-content-flex-start fusion-content-layout-column\"><div class=\"fusion-text fusion-text-4\"><h4>Vi hj\u00e6lper dig hurtigt i gang<\/h4>\n<p>Med denne l\u00f8sning opn\u00e5r du et fuldautomatisk system til viderefakturering af dine brugeres udskrifter direkte ind p\u00e5 deres konto. Og printeren kan du <a href=\"\/?page_id=9320\">leje hos PrinterGuys uden opsigelsesvarsel<\/a> og med afregning af n\u00f8jagtig de sider som dine g\u00e6ster bruger.<\/p>\n<p>Nu skal du ikke l\u00e6ngere bruge din tid p\u00e5 at administrere printere og du kan selv v\u00e6lge salgsprisen p\u00e5 udskrifterne til brugerne. Nemt ikke?<\/p>\n<p>Kontakt PrinterGuys for at h\u00f8re n\u00e6rmere.<\/p>\n<\/div><\/div><\/div><\/div><\/div><div class=\"fusion-fullwidth fullwidth-box fusion-builder-row-3 fusion-flex-container section-green nonhundred-percent-fullwidth non-hundred-percent-height-scrolling\" style=\"--awb-background-position:left top;--awb-background-repeat:repeat-x;--awb-border-sizes-top:0px;--awb-border-sizes-bottom:0px;--awb-border-sizes-left:0px;--awb-border-sizes-right:0px;--awb-border-radius-top-left:0px;--awb-border-radius-top-right:0px;--awb-border-radius-bottom-right:0px;--awb-border-radius-bottom-left:0px;--awb-padding-top:40px;--awb-padding-right:0px;--awb-padding-bottom:20px;--awb-padding-left:0px;\" ><div class=\"fusion-builder-row fusion-row fusion-flex-align-items-flex-start\" style=\"max-width:1352px;margin-left: calc(-4% \/ 2 );margin-right: calc(-4% \/ 2 );\"><div class=\"fusion-layout-column fusion_builder_column fusion-builder-column-4 fusion_builder_column_1_1 1_1 fusion-flex-column\" style=\"--awb-bg-size:cover;--awb-width-large:100%;--awb-margin-top-large:0px;--awb-spacing-right-large:1.92%;--awb-margin-bottom-large:0px;--awb-spacing-left-large:1.92%;--awb-width-medium:100%;--awb-spacing-right-medium:1.92%;--awb-spacing-left-medium:1.92%;--awb-width-small:100%;--awb-spacing-right-small:1.92%;--awb-spacing-left-small:1.92%;\"><div class=\"fusion-column-wrapper fusion-flex-justify-content-flex-start fusion-content-layout-column\"><div class=\"fusion-text fusion-text-5\"><h2 style=\"text-align: center; font-size: 46px!important;\"><span style=\"color: #ffffff;\">Har du sp\u00f8rgsm\u00e5l?<\/span><\/h2>\n<h3 style=\"text-align: center;\"><span style=\"color: #ffffff;\">Kontakt os p\u00e5 tlf. 7022 5585<\/span><br \/>\n<span style=\"color: #ffffff;\">eller skriv til <a style=\"color: #ffffff;\" href=\"mailto:info@printerguys.dk\">info@printerguys.dk<\/a><\/span><\/h3>\n<\/div><div class=\"fusion-text fusion-text-6\"><div class=\"carsten\"><\/div>\n<\/div><div class=\"fusion-text fusion-text-7\"><div class=\"carsten\"><\/div>\n<\/div><\/div><\/div><\/div><\/div>\n<\/p>\n","protected":false},"excerpt":{"rendered":"","protected":false},"author":3,"featured_media":0,"parent":4389,"menu_order":0,"comment_status":"closed","ping_status":"open","template":"100-width.php","meta":{"footnotes":""},"yoast_head":"<!-- This site is optimized with the Yoast SEO plugin v24.4 - https:\/\/yoast.com\/wordpress\/plugins\/seo\/ -->\n<title>PrinterGuys leverer en fuldautomatiseret l\u00f8sning til Officehoteller<\/title>\n<meta name=\"description\" content=\"En af de typiske hovedpiner for et kontorhotel er afregningen af printeren. Hvordan f\u00e5r vi brugerne til at betale for deres udskrifter og uden at vi skal bruge timevis p\u00e5 at afregne det?\" \/>\n<meta name=\"robots\" content=\"index, follow, max-snippet:-1, max-image-preview:large, max-video-preview:-1\" \/>\n<link rel=\"canonical\" href=\"https:\/\/printerguys.eu\/da\/abonnementer\/fuldautomatiseret-loesning-til-officehoteller\/\" \/>\n<meta property=\"og:locale\" content=\"da_DK\" \/>\n<meta property=\"og:type\" content=\"article\" \/>\n<meta property=\"og:title\" content=\"PrinterGuys leverer en fuldautomatiseret l\u00f8sning til Officehoteller\" \/>\n<meta property=\"og:description\" content=\"En af de typiske hovedpiner for et kontorhotel er afregningen af printeren. Hvordan f\u00e5r vi brugerne til at betale for deres udskrifter og uden at vi skal bruge timevis p\u00e5 at afregne det?\" \/>\n<meta property=\"og:url\" content=\"https:\/\/printerguys.eu\/da\/abonnementer\/fuldautomatiseret-loesning-til-officehoteller\/\" \/>\n<meta property=\"og:site_name\" content=\"PrinterGuys\" \/>\n<meta property=\"article:publisher\" content=\"https:\/\/www.facebook.com\/printerguys\" \/>\n<meta property=\"article:modified_time\" content=\"2020-03-28T09:53:34+00:00\" \/>\n<meta property=\"og:image\" content=\"https:\/\/printerguys.eu\/wp-content\/uploads\/OG-DK.jpg\" \/>\n\t<meta property=\"og:image:width\" content=\"1200\" \/>\n\t<meta property=\"og:image:height\" content=\"630\" \/>\n\t<meta property=\"og:image:type\" content=\"image\/jpeg\" \/>\n<meta name=\"twitter:card\" content=\"summary_large_image\" \/>\n<meta name=\"twitter:label1\" content=\"Estimeret l\u00e6setid\" \/>\n\t<meta name=\"twitter:data1\" content=\"4 minutter\" \/>\n<script type=\"application\/ld+json\" class=\"yoast-schema-graph\">{\"@context\":\"https:\/\/schema.org\",\"@graph\":[{\"@type\":\"WebPage\",\"@id\":\"https:\/\/printerguys.eu\/da\/abonnementer\/fuldautomatiseret-loesning-til-officehoteller\/\",\"url\":\"https:\/\/printerguys.eu\/da\/abonnementer\/fuldautomatiseret-loesning-til-officehoteller\/\",\"name\":\"PrinterGuys leverer en fuldautomatiseret l\u00f8sning til Officehoteller\",\"isPartOf\":{\"@id\":\"https:\/\/printerguys.eu\/da\/#website\"},\"datePublished\":\"2020-03-27T14:01:48+00:00\",\"dateModified\":\"2020-03-28T09:53:34+00:00\",\"description\":\"En af de typiske hovedpiner for et kontorhotel er afregningen af printeren. Hvordan f\u00e5r vi brugerne til at betale for deres udskrifter og uden at vi skal bruge timevis p\u00e5 at afregne det?\",\"breadcrumb\":{\"@id\":\"https:\/\/printerguys.eu\/da\/abonnementer\/fuldautomatiseret-loesning-til-officehoteller\/#breadcrumb\"},\"inLanguage\":\"da-DK\",\"potentialAction\":[{\"@type\":\"ReadAction\",\"target\":[\"https:\/\/printerguys.eu\/da\/abonnementer\/fuldautomatiseret-loesning-til-officehoteller\/\"]}]},{\"@type\":\"BreadcrumbList\",\"@id\":\"https:\/\/printerguys.eu\/da\/abonnementer\/fuldautomatiseret-loesning-til-officehoteller\/#breadcrumb\",\"itemListElement\":[{\"@type\":\"ListItem\",\"position\":1,\"name\":\"Home\",\"item\":\"https:\/\/printerguys.eu\/da\/\"},{\"@type\":\"ListItem\",\"position\":2,\"name\":\"Abonnementer\",\"item\":\"https:\/\/printerguys.eu\/da\/abonnementer\/\"},{\"@type\":\"ListItem\",\"position\":3,\"name\":\"Officehoteller\"}]},{\"@type\":\"WebSite\",\"@id\":\"https:\/\/printerguys.eu\/da\/#website\",\"url\":\"https:\/\/printerguys.eu\/da\/\",\"name\":\"PrinterGuys\",\"description\":\"\",\"publisher\":{\"@id\":\"https:\/\/printerguys.eu\/da\/#organization\"},\"potentialAction\":[{\"@type\":\"SearchAction\",\"target\":{\"@type\":\"EntryPoint\",\"urlTemplate\":\"https:\/\/printerguys.eu\/da\/?s={search_term_string}\"},\"query-input\":{\"@type\":\"PropertyValueSpecification\",\"valueRequired\":true,\"valueName\":\"search_term_string\"}}],\"inLanguage\":\"da-DK\"},{\"@type\":\"Organization\",\"@id\":\"https:\/\/printerguys.eu\/da\/#organization\",\"name\":\"PrinterGuys\",\"url\":\"https:\/\/printerguys.eu\/da\/\",\"logo\":{\"@type\":\"ImageObject\",\"inLanguage\":\"da-DK\",\"@id\":\"https:\/\/printerguys.eu\/da\/#\/schema\/logo\/image\/\",\"url\":\"https:\/\/printerguys.eu\/wp-content\/uploads\/PG-Yoast.jpg\",\"contentUrl\":\"https:\/\/printerguys.eu\/wp-content\/uploads\/PG-Yoast.jpg\",\"width\":696,\"height\":696,\"caption\":\"PrinterGuys\"},\"image\":{\"@id\":\"https:\/\/printerguys.eu\/da\/#\/schema\/logo\/image\/\"},\"sameAs\":[\"https:\/\/www.facebook.com\/printerguys\",\"https:\/\/www.linkedin.com\/company\/9422767\"]}]}<\/script>\n<!-- \/ Yoast SEO plugin. -->","yoast_head_json":{"title":"PrinterGuys leverer en fuldautomatiseret l\u00f8sning til Officehoteller","description":"En af de typiske hovedpiner for et kontorhotel er afregningen af printeren. Hvordan f\u00e5r vi brugerne til at betale for deres udskrifter og uden at vi skal bruge timevis p\u00e5 at afregne det?","robots":{"index":"index","follow":"follow","max-snippet":"max-snippet:-1","max-image-preview":"max-image-preview:large","max-video-preview":"max-video-preview:-1"},"canonical":"https:\/\/printerguys.eu\/da\/abonnementer\/fuldautomatiseret-loesning-til-officehoteller\/","og_locale":"da_DK","og_type":"article","og_title":"PrinterGuys leverer en fuldautomatiseret l\u00f8sning til Officehoteller","og_description":"En af de typiske hovedpiner for et kontorhotel er afregningen af printeren. Hvordan f\u00e5r vi brugerne til at betale for deres udskrifter og uden at vi skal bruge timevis p\u00e5 at afregne det?","og_url":"https:\/\/printerguys.eu\/da\/abonnementer\/fuldautomatiseret-loesning-til-officehoteller\/","og_site_name":"PrinterGuys","article_publisher":"https:\/\/www.facebook.com\/printerguys","article_modified_time":"2020-03-28T09:53:34+00:00","og_image":[{"width":1200,"height":630,"url":"https:\/\/printerguys.eu\/wp-content\/uploads\/OG-DK.jpg","type":"image\/jpeg"}],"twitter_card":"summary_large_image","twitter_misc":{"Estimeret l\u00e6setid":"4 minutter"},"schema":{"@context":"https:\/\/schema.org","@graph":[{"@type":"WebPage","@id":"https:\/\/printerguys.eu\/da\/abonnementer\/fuldautomatiseret-loesning-til-officehoteller\/","url":"https:\/\/printerguys.eu\/da\/abonnementer\/fuldautomatiseret-loesning-til-officehoteller\/","name":"PrinterGuys leverer en fuldautomatiseret l\u00f8sning til Officehoteller","isPartOf":{"@id":"https:\/\/printerguys.eu\/da\/#website"},"datePublished":"2020-03-27T14:01:48+00:00","dateModified":"2020-03-28T09:53:34+00:00","description":"En af de typiske hovedpiner for et kontorhotel er afregningen af printeren. Hvordan f\u00e5r vi brugerne til at betale for deres udskrifter og uden at vi skal bruge timevis p\u00e5 at afregne det?","breadcrumb":{"@id":"https:\/\/printerguys.eu\/da\/abonnementer\/fuldautomatiseret-loesning-til-officehoteller\/#breadcrumb"},"inLanguage":"da-DK","potentialAction":[{"@type":"ReadAction","target":["https:\/\/printerguys.eu\/da\/abonnementer\/fuldautomatiseret-loesning-til-officehoteller\/"]}]},{"@type":"BreadcrumbList","@id":"https:\/\/printerguys.eu\/da\/abonnementer\/fuldautomatiseret-loesning-til-officehoteller\/#breadcrumb","itemListElement":[{"@type":"ListItem","position":1,"name":"Home","item":"https:\/\/printerguys.eu\/da\/"},{"@type":"ListItem","position":2,"name":"Abonnementer","item":"https:\/\/printerguys.eu\/da\/abonnementer\/"},{"@type":"ListItem","position":3,"name":"Officehoteller"}]},{"@type":"WebSite","@id":"https:\/\/printerguys.eu\/da\/#website","url":"https:\/\/printerguys.eu\/da\/","name":"PrinterGuys","description":"","publisher":{"@id":"https:\/\/printerguys.eu\/da\/#organization"},"potentialAction":[{"@type":"SearchAction","target":{"@type":"EntryPoint","urlTemplate":"https:\/\/printerguys.eu\/da\/?s={search_term_string}"},"query-input":{"@type":"PropertyValueSpecification","valueRequired":true,"valueName":"search_term_string"}}],"inLanguage":"da-DK"},{"@type":"Organization","@id":"https:\/\/printerguys.eu\/da\/#organization","name":"PrinterGuys","url":"https:\/\/printerguys.eu\/da\/","logo":{"@type":"ImageObject","inLanguage":"da-DK","@id":"https:\/\/printerguys.eu\/da\/#\/schema\/logo\/image\/","url":"https:\/\/printerguys.eu\/wp-content\/uploads\/PG-Yoast.jpg","contentUrl":"https:\/\/printerguys.eu\/wp-content\/uploads\/PG-Yoast.jpg","width":696,"height":696,"caption":"PrinterGuys"},"image":{"@id":"https:\/\/printerguys.eu\/da\/#\/schema\/logo\/image\/"},"sameAs":["https:\/\/www.facebook.com\/printerguys","https:\/\/www.linkedin.com\/company\/9422767"]}]}},"_links":{"self":[{"href":"https:\/\/printerguys.eu\/da\/wp-json\/wp\/v2\/pages\/11313"}],"collection":[{"href":"https:\/\/printerguys.eu\/da\/wp-json\/wp\/v2\/pages"}],"about":[{"href":"https:\/\/printerguys.eu\/da\/wp-json\/wp\/v2\/types\/page"}],"author":[{"embeddable":true,"href":"https:\/\/printerguys.eu\/da\/wp-json\/wp\/v2\/users\/3"}],"replies":[{"embeddable":true,"href":"https:\/\/printerguys.eu\/da\/wp-json\/wp\/v2\/comments?post=11313"}],"version-history":[{"count":0,"href":"https:\/\/printerguys.eu\/da\/wp-json\/wp\/v2\/pages\/11313\/revisions"}],"up":[{"embeddable":true,"href":"https:\/\/printerguys.eu\/da\/wp-json\/wp\/v2\/pages\/4389"}],"wp:attachment":[{"href":"https:\/\/printerguys.eu\/da\/wp-json\/wp\/v2\/media?parent=11313"}],"curies":[{"name":"wp","href":"https:\/\/api.w.org\/{rel}","templated":true}]}}